{"id":114,"date":"2017-02-25T19:49:09","date_gmt":"2017-02-25T18:49:09","guid":{"rendered":"http:\/\/www.software-ae.de\/metallbau\/?page_id=114"},"modified":"2020-02-16T14:09:47","modified_gmt":"2020-02-16T13:09:47","slug":"firmengeschichte","status":"publish","type":"page","link":"https:\/\/www.ebert-steinberg.de\/?page_id=114","title":{"rendered":"Firmengeschichte"},"content":{"rendered":"<div>\n<p>Seit dem Anfang des 19. Jahrhunderts gibt es in Rothenkirchen eine Tradition der Familien Ebert: die Tradition der Schmiederei.<br \/>\nAm 31. August 1837 wurde Herrn Gottlob Ebert, auf dessen Bitte, eine Gewerbegenehmigung als Schmied f\u00fcr den allgemeinen Landbedarf erteilt.<br \/>\nDer 1. Schritt war getan. Dieses Datum wird als Anfang der Firment\u00e4tigkeit angesehen.<\/p>\n<p><img loading=\"lazy\" decoding=\"async\" class=\"alignnone wp-image-200\" src=\"https:\/\/www.ebert-steinberg.de\/wp-content\/uploads\/2017\/02\/103-225x300.jpg\" alt=\"\" width=\"300\" height=\"400\" srcset=\"https:\/\/www.ebert-steinberg.de\/wp-content\/uploads\/2017\/02\/103-225x300.jpg 225w, https:\/\/www.ebert-steinberg.de\/wp-content\/uploads\/2017\/02\/103.jpg 600w\" sizes=\"auto, (max-width: 300px) 100vw, 300px\" \/> <img loading=\"lazy\" decoding=\"async\" class=\"alignnone wp-image-198\" src=\"https:\/\/www.ebert-steinberg.de\/wp-content\/uploads\/2017\/02\/104-225x300.jpg\" alt=\"\" width=\"300\" height=\"400\" srcset=\"https:\/\/www.ebert-steinberg.de\/wp-content\/uploads\/2017\/02\/104-225x300.jpg 225w, https:\/\/www.ebert-steinberg.de\/wp-content\/uploads\/2017\/02\/104.jpg 600w\" sizes=\"auto, (max-width: 300px) 100vw, 300px\" \/><\/p>\n<p>Das ehemalige Firmengeb\u00e4ude in der Hauptstra\u00dfe 50 wurde 1820 erworben.<br \/>\nDessen Errichtung l\u00e4sst sich nicht mehr genau feststellen, sicher ist nur, dass es aus dem sp\u00e4ten 18. Jahrhundert stammt. Bis zur politischen Wende 1989 und teilweise noch bis 1993 wurde dort vom Erdgeschoss bis auf den Boden gearbeitet. So standen zum Beispiel eine Drehbank und eine Schleifmaschine im 1. Stock des in den Sechzigern dieses Jahrhunderts angesetzten Neubaus.<br \/>\n1885 f\u00fchrte Alwin Ebert die Schmiede fort, indem er sich haupts\u00e4chlich mit dem Hufbeschlag der Pferde und Ochsen besch\u00e4ftigte.<br \/>\nDieses Tradition f\u00fchrte auch Hans Ebert ab 1917 fort, besch\u00e4ftigte sich jedoch zunehmend mit Wagenbau und allgemeiner Metallbearbeitung. Auch eine Tankstelle, eine Werkstatt f\u00fcr Fahrr\u00e4der und Motorr\u00e4der geh\u00f6rte, bis in den 2. Weltkrieg hinein, zu den Einnahmequellen der Ebert\u2019s.<br \/>\nJohannes Ebert \u00fcbernahm 1955 den Betrieb und l\u00e4utete in vieler Hinsicht eine neue Zeit mit ein. Die DDR war in ihrer Aufbauzeit und es wurden viele Dinge gebraucht, die es nicht von der Industrie gab.<\/p>\n<p>So fertigte man Ger\u00e4te f\u00fcr die Landwirtschaft, F\u00f6rderb\u00e4nder, F\u00f6rderanlagen, Bekohlungsanlagen und Entaschungsanlagen f\u00fcr mittlere Industriebetriebe, Lokschuppentore f\u00fcr die Bahn, Tore, T\u00fcren, Z\u00e4une, Gel\u00e4nder und vieles mehr. Der Hufbeschlag verlor stetig an Bedeutung, die Industrie war das Zugpferd.<br \/>\nIn den Achtzigern wurden F\u00f6rderanlagen bis 70 m L\u00e4nge, ja sogar automatisierte Fertigungsstra\u00dfen, unter anderem f\u00fcr die Textilindustrie der Region, gefertigt. Der private Kunde wurde nie aus den Augen verloren, auch wenn es manchmal schwer war, gen\u00fcgend Zeit f\u00fcr ein Gartentor zu finden. Die Firma hatte auf Jahre im voraus Bestellungen vorliegen und es wurden immer mehr.<\/p>\n<p><img loading=\"lazy\" decoding=\"async\" class=\"alignnone wp-image-163 size-full\" src=\"https:\/\/www.ebert-steinberg.de\/wp-content\/uploads\/2017\/02\/radaufziehen.jpg\" alt=\"\" width=\"500\" height=\"465\" srcset=\"https:\/\/www.ebert-steinberg.de\/wp-content\/uploads\/2017\/02\/radaufziehen.jpg 500w, https:\/\/www.ebert-steinberg.de\/wp-content\/uploads\/2017\/02\/radaufziehen-300x279.jpg 300w\" sizes=\"auto, (max-width: 500px) 100vw, 500px\" \/><\/p>\n<p>Ab dem 150-j\u00e4hrigen Firmenjubil\u00e4um 1987 \u00fcbernahm Ralph Ebert die Leitung der Firma und f\u00fchrt diese bis in die fr\u00fchen Jahre des 21. Jahrhunderts zusammen mit seine Kindern Andres und Cynthia Ebert fort. Dabei ging die kaufm\u00e4nnische Leitung an die Tochter und die technische Leitung an den Sohn. Dieser Prozess war ein gleitender \u00dcbergang. Zum 175 j\u00e4hrigen Jubil\u00e4um hatten die Kinder bereits die Leitung voll \u00fcbernommen, wobei dem Rat und der Hilfe des Vaters nach wie vor gro\u00dfe Bedeutung zukommt.<\/p>\n<p><img loading=\"lazy\" decoding=\"async\" class=\"alignnone wp-image-162 size-full\" src=\"https:\/\/www.ebert-steinberg.de\/wp-content\/uploads\/2017\/02\/fb404-kohlehandel.jpg\" alt=\"\" width=\"500\" height=\"339\" srcset=\"https:\/\/www.ebert-steinberg.de\/wp-content\/uploads\/2017\/02\/fb404-kohlehandel.jpg 500w, https:\/\/www.ebert-steinberg.de\/wp-content\/uploads\/2017\/02\/fb404-kohlehandel-300x203.jpg 300w\" sizes=\"auto, (max-width: 500px) 100vw, 500px\" \/><\/p>\n<p><img loading=\"lazy\" decoding=\"async\" class=\"alignnone wp-image-161 size-full\" src=\"https:\/\/www.ebert-steinberg.de\/wp-content\/uploads\/2017\/02\/rf112-buna.jpg\" alt=\"\" width=\"500\" height=\"373\" srcset=\"https:\/\/www.ebert-steinberg.de\/wp-content\/uploads\/2017\/02\/rf112-buna.jpg 500w, https:\/\/www.ebert-steinberg.de\/wp-content\/uploads\/2017\/02\/rf112-buna-300x224.jpg 300w\" sizes=\"auto, (max-width: 500px) 100vw, 500px\" \/><\/p>\n<p>Doch zur\u00fcck zu der Hautschaffenszeit von Ralph Ebert. Mit der Wende 1989 brachen alle Verbindungen zur Industrie ab, es entstand ein gro\u00dfes Loch. Keiner wusste wie es weitergehen sollte, keiner wollte das soeben erst erhaltene neue Geld wieder ausgeben. Diese Situation wurde jedoch \u00fcberstanden und es wurden neue M\u00e4rkte erschlossen. Im Leichtmetallbau sahen wir f\u00fcr die kommenden Jahre eine Chance zu \u00fcberleben und wir lagen richtig.<\/p>\n<p>Eine bereits Anfang der achtziger Jahre gekaufte Scheune (15\u00d730 m x 3 1\/2 Etagen), die eigentlich nur als Lager dienen sollte, wurde zu unserem neuen Firmensitz. Im Mai 1993 nahm dann die Fa. Metallbau Ebert offiziell in der Hauptstra\u00dfe 70 a ihren Dienst auf.<\/p>\n<p><img loading=\"lazy\" decoding=\"async\" class=\"alignnone size-medium wp-image-159\" src=\"https:\/\/www.ebert-steinberg.de\/wp-content\/uploads\/2017\/02\/firmengebaeude01-300x245.jpg\" alt=\"\" width=\"300\" height=\"245\" srcset=\"https:\/\/www.ebert-steinberg.de\/wp-content\/uploads\/2017\/02\/firmengebaeude01-300x245.jpg 300w, https:\/\/www.ebert-steinberg.de\/wp-content\/uploads\/2017\/02\/firmengebaeude01.jpg 352w\" sizes=\"auto, (max-width: 300px) 100vw, 300px\" \/><\/p>\n<p>Seither wurden vorrangig Leichtmetallbauarbeiten durchgef\u00fchrt. Als 2. Standbein wurde 1995 das Angebot auf Systemstahlbau erweitert, d.h. es werden Rohrrahment\u00fcren, Falttore und andere Stahlelemente gefertigt. Das Gesch\u00e4ft lief sehr gut bis uns im Jahr 1997 nach gro\u00dfen Investitionen in viele Auftr\u00e4ge die Insolvenz gleich mehrer Kunden und Auftraggeber an den Rande des Ruins brachten. Es gab keine Chance, die Leichtmetallbau GmbH zu halten und so mussten wir diesen Betriebsteil abwickeln.<\/p>\n<p>Seit diesem harten Schlag arbeiten wir nun wieder in erster Linie im Bereich Metallbau und Stahlbau. Der Leichtmetallbau wurde nur noch als Zubrot genutzt, da sich dieser Markt mit der Zeit selbst verstopft hat und als Haupterwerb keinen Nutzen mehr brachte. Entsprechende Auftr\u00e4ge werden auch heute noch in Zusammenarbeit mit Partnerfirmen ausgef\u00fchrt.<\/p>\n<p>Stark gewachsen ist seit ca 2005 der Bereich Zulieferung und Serienfertigung. Auf Grund der immer weiter gewachsenen Menge dieser Auftr\u00e4ge dr\u00e4ngt der Metallbau und die Arbeit mit Kunden etwas weiter in den Hintergrund. Wir versuchen dieser Entwicklung Rechnung zu tragen und sehen uns in beiden Bereichen gut aufgestellt. Alle unsere Kunden k\u00f6nnen sicher sein, von uns fair und allumfassend beraten und bedient zu werden.<\/p>\n<p>In der Hoffnung auch in Zukunft immer ein gutes H\u00e4ndchen zu haben vertrauen wir auf unsere lange Erfahrung ohne die Zeichen der Zeit zu vernachl\u00e4ssigen.<\/p>\n<p><img loading=\"lazy\" decoding=\"async\" class=\"alignnone wp-image-203\" src=\"https:\/\/www.ebert-steinberg.de\/wp-content\/uploads\/2017\/02\/123-300x225.jpg\" alt=\"\" width=\"500\" height=\"375\" srcset=\"https:\/\/www.ebert-steinberg.de\/wp-content\/uploads\/2017\/02\/123-300x225.jpg 300w, https:\/\/www.ebert-steinberg.de\/wp-content\/uploads\/2017\/02\/123-768x576.jpg 768w, https:\/\/www.ebert-steinberg.de\/wp-content\/uploads\/2017\/02\/123.jpg 800w\" sizes=\"auto, (max-width: 500px) 100vw, 500px\" \/><\/p>\n<\/div>\n","protected":false},"excerpt":{"rendered":"<p>Seit dem Anfang des 19. Jahrhunderts gibt es in Rothenkirchen eine Tradition der Familien Ebert: die Tradition der Schmiederei. Am 31. August 1837 wurde Herrn Gottlob Ebert, auf dessen Bitte, eine Gewerbegenehmigung als Schmied f\u00fcr den allgemeinen Landbedarf erteilt. Der 1. Schritt war getan. Dieses Datum wird als Anfang der Firment\u00e4tigkeit angesehen. Das ehemalige Firmengeb\u00e4ude [&hellip;]<\/p>\n","protected":false},"author":1,"featured_media":0,"parent":0,"menu_order":0,"comment_status":"closed","ping_status":"closed","template":"","meta":{"footnotes":""},"class_list":["post-114","page","type-page","status-publish","hentry"],"_links":{"self":[{"href":"https:\/\/www.ebert-steinberg.de\/index.php?rest_route=\/wp\/v2\/pages\/114","targetHints":{"allow":["GET"]}}],"collection":[{"href":"https:\/\/www.ebert-steinberg.de\/index.php?rest_route=\/wp\/v2\/pages"}],"about":[{"href":"https:\/\/www.ebert-steinberg.de\/index.php?rest_route=\/wp\/v2\/types\/page"}],"author":[{"embeddable":true,"href":"https:\/\/www.ebert-steinberg.de\/index.php?rest_route=\/wp\/v2\/users\/1"}],"replies":[{"embeddable":true,"href":"https:\/\/www.ebert-steinberg.de\/index.php?rest_route=%2Fwp%2Fv2%2Fcomments&post=114"}],"version-history":[{"count":14,"href":"https:\/\/www.ebert-steinberg.de\/index.php?rest_route=\/wp\/v2\/pages\/114\/revisions"}],"predecessor-version":[{"id":241,"href":"https:\/\/www.ebert-steinberg.de\/index.php?rest_route=\/wp\/v2\/pages\/114\/revisions\/241"}],"wp:attachment":[{"href":"https:\/\/www.ebert-steinberg.de\/index.php?rest_route=%2Fwp%2Fv2%2Fmedia&parent=114"}],"curies":[{"name":"wp","href":"https:\/\/api.w.org\/{rel}","templated":true}]}}